{"id":455,"date":"2025-07-28T08:46:26","date_gmt":"2025-07-28T06:46:26","guid":{"rendered":"https:\/\/festivalreal.org\/artistas\/"},"modified":"2025-09-01T11:53:30","modified_gmt":"2025-09-01T09:53:30","slug":"artistas","status":"publish","type":"page","link":"https:\/\/festivalreal.org\/es\/artistas\/","title":{"rendered":"Artistas"},"content":{"rendered":"<p>[et_pb_section fb_built=\u00bb1&#8243; _builder_version=\u00bb4.27.4&#8243; _module_preset=\u00bbdefault\u00bb background_color=\u00bbRGBA(255,255,255,0)\u00bb custom_padding=\u00bb0px||0px||true|false\u00bb locked=\u00bboff\u00bb global_colors_info=\u00bb{}\u00bb][et_pb_row column_structure=\u00bb3_5,2_5&#8243; _builder_version=\u00bb4.27.4&#8243; _module_preset=\u00bbdefault\u00bb width=\u00bb90%\u00bb locked=\u00bboff\u00bb global_colors_info=\u00bb{}\u00bb][et_pb_column type=\u00bb3_5&#8243; _builder_version=\u00bb4.27.4&#8243; _module_preset=\u00bbdefault\u00bb global_colors_info=\u00bb{}\u00bb][et_pb_code _builder_version=\u00bb4.27.4&#8243; _module_preset=\u00bbdefault\u00bb hover_enabled=\u00bb0&#8243; global_colors_info=\u00bb{}\u00bb sticky_enabled=\u00bb0&#8243;]<div class=\"artistes-grid\"><a href=\"https:\/\/festivalreal.org\/es\/2026\/olivias\/\" class=\"artiste-link\"><div class=\"artiste-item\" style=\"background-image:url(https:\/\/festivalreal.org\/wp-content\/uploads\/festival-real-360-olivias-2025.webp)\"><div class=\"artiste-excerpt\"><div class=\"artiste-evento-info\"><div class=\"fecha\"><\/div><div class=\"ubicacion\"><\/div><\/div><\/div><\/div><div class=\"artiste-title\">\u00d6livias<\/div><\/a><a href=\"https:\/\/festivalreal.org\/es\/2026\/terrae\/\" class=\"artiste-link\"><div class=\"artiste-item\" style=\"background-image:url(https:\/\/festivalreal.org\/wp-content\/uploads\/terrae.webp)\"><div class=\"artiste-excerpt\"><div class=\"artiste-evento-info\"><div class=\"fecha\">25\/10 \/\/ 19h<\/div><div class=\"ubicacion\">Lo Pati (Amposta). Entrada gratuita con reserva. <\/div><\/div><\/div><\/div><div class=\"artiste-title\">Terrae<\/div><\/a><a href=\"https:\/\/festivalreal.org\/es\/2026\/anna-ferrer\/\" class=\"artiste-link\"><div class=\"artiste-item\" style=\"background-image:url(https:\/\/festivalreal.org\/wp-content\/uploads\/festival-real-360-Anna-Ferrer-2025.webp)\"><div class=\"artiste-excerpt\"><div class=\"artiste-evento-info\"><div class=\"fecha\"><\/div><div class=\"ubicacion\"><\/div><\/div><\/div><\/div><div class=\"artiste-title\">Anna Ferrer<\/div><\/a><a href=\"https:\/\/festivalreal.org\/es\/2026\/adriano-galante\/\" class=\"artiste-link\"><div class=\"artiste-item\" style=\"background-image:url(https:\/\/festivalreal.org\/wp-content\/uploads\/festival-real-360-Adriano-Galante-2025.webp)\"><div class=\"artiste-excerpt\"><div class=\"artiste-evento-info\"><div class=\"fecha\">15\/11 \/\/ 22.30h<\/div><div class=\"ubicacion\">Ateneu Popular 9 Barris (Barcelona)<\/div><\/div><\/div><\/div><div class=\"artiste-title\">Adriano Galante<\/div><\/a><a href=\"https:\/\/festivalreal.org\/es\/2026\/azulceleste\/\" class=\"artiste-link\"><div class=\"artiste-item\" style=\"background-image:url(https:\/\/festivalreal.org\/wp-content\/uploads\/festival-real-360-azulceleste-2025.webp)\"><div class=\"artiste-excerpt\"><div class=\"artiste-evento-info\"><div class=\"fecha\">27\/09 \/\/ 22h<\/div><div class=\"ubicacion\">Refugi 1 Port (Tarragona)<\/div><\/div><div class=\"artiste-evento-info\"><div class=\"fecha\">16\/11 \/\/ 13h<\/div><div class=\"ubicacion\">Ateneu Popular 9 Barris (Barcelona)<\/div><\/div><\/div><\/div><div class=\"artiste-title\">Azulceleste<\/div><\/a><a href=\"https:\/\/festivalreal.org\/es\/2026\/cathy-claret-y-caracafe\/\" class=\"artiste-link\"><div class=\"artiste-item\" style=\"background-image:url(https:\/\/festivalreal.org\/wp-content\/uploads\/cathy_ajornat-819x1024.jpg)\"><div class=\"artiste-excerpt\"><div class=\"artiste-evento-info\"><div class=\"fecha\"><\/div><div class=\"ubicacion\"><\/div><\/div><\/div><\/div><div class=\"artiste-title\">Cathy Claret y Caracaf\u00e9 (Aplazado)<\/div><\/a><a href=\"https:\/\/festivalreal.org\/es\/2026\/cinta\/\" class=\"artiste-link\"><div class=\"artiste-item\" style=\"background-image:url(https:\/\/festivalreal.org\/wp-content\/uploads\/cinta_ajornat-819x1024.jpg)\"><div class=\"artiste-excerpt\"><div class=\"artiste-evento-info\"><div class=\"fecha\"><\/div><div class=\"ubicacion\"><\/div><\/div><\/div><\/div><div class=\"artiste-title\">Cinta (Aplazado)<\/div><\/a><\/div>[\/et_pb_code][\/et_pb_column][et_pb_column type=\u00bb2_5&#8243; _builder_version=\u00bb4.27.4&#8243; _module_preset=\u00bbdefault\u00bb background_color=\u00bb#000000&#8243; custom_padding=\u00bb1.5em|1.5em|1.5em|1.5em|true|true\u00bb global_colors_info=\u00bb{}\u00bb][et_pb_text module_class=\u00bbtext-bloc\u00bb _builder_version=\u00bb4.27.4&#8243; _module_preset=\u00bbdefault\u00bb text_text_color=\u00bb#f1dad0&#8243; global_colors_info=\u00bb{}\u00bb]<\/p>\n<p data-start=\"90\" data-end=\"477\"><strong>El Festival Real 360\u00ba ofrece una manera diferente de vivir y sentir la m\u00fasica<\/strong>. Una experiencia introspectiva, est\u00e9tica y en silencio que conecta con tu interior y te transporta en el tiempo. Un entorno dise\u00f1ado por y para la m\u00fasica, un espacio de expresi\u00f3n art\u00edstica que estimula intensamente los sentidos, llevando a cada espectador\/a a un lugar de contemplaci\u00f3n m\u00e1gico y desconocido.<\/p>\n<p data-start=\"479\" data-end=\"921\">Es una experiencia especialmente sensitiva, \u00edntima y cercana, donde se rompe la barrera entre p\u00fablico y artista para crear una comunicaci\u00f3n rec\u00edproca, intensa y sorprendente. Cada persona percibe los movimientos de los int\u00e9rpretes, su proximidad y lejan\u00eda en el espacio de acci\u00f3n. Se pueden escuchar murmullos al o\u00eddo con una sutileza extraordinaria y delicada, generando una interacci\u00f3n excepcional y conmovedora nunca antes experimentada.<\/p>\n<p data-start=\"923\" data-end=\"1532\">En esta cuarta edici\u00f3n, el festival evoluciona y ampl\u00eda su formato, pasando de ser un evento concentrado en un fin de semana a un recorrido por diferentes sedes: <strong data-start=\"1085\" data-end=\"1119\">Refugi 1 del Port de Tarragona<\/strong> en colaboraci\u00f3n con el ciclo <a href=\"https:\/\/www.eljardisonor.com\/programacio2025\" target=\"_blank\" rel=\"noopener\"><strong data-start=\"1149\" data-end=\"1167\">El Jard\u00ed Sonor<\/strong><\/a>, el <strong data-start=\"1172\" data-end=\"1233\">Centre d\u2019Art de les Terres de l\u2019Ebre \u00abLo Pati\u00bb en Amposta<\/strong> en colaboraci\u00f3n con el ciclo <a href=\"https:\/\/museuterresebre.cat\/activitat.asp?id=669&amp;i=ca\" target=\"_blank\" rel=\"noopener\"><strong data-start=\"1263\" data-end=\"1291\">Ebre, M\u00fasica &amp; Patrimoni<\/strong><\/a>, el <strong data-start=\"1296\" data-end=\"1323\">Ateneu Popular 9 Barris<\/strong> y el <strong data-start=\"1329\" data-end=\"1357\">Espai Texas en Barcelona<\/strong>. De esta manera, Real 360\u00ba se convierte en una experiencia expandida, abierta a nuevos espacios y contextos, profundizando a\u00fan m\u00e1s en su voluntad de experimentaci\u00f3n sonora.<\/p>\n<p data-start=\"1534\" data-end=\"1939\">Adem\u00e1s, este a\u00f1o queremos potenciar la vertiente formativa del festival, colaborando con dos instituciones de referencia en el estudio del sonido digital: <strong data-start=\"1689\" data-end=\"1706\">SAE Institute<\/strong> y <strong data-start=\"1709\" data-end=\"1721\">La Salle<\/strong>. En este marco, el codirector del festival, <strong data-start=\"1766\" data-end=\"1783\">Cote Fournier<\/strong>, impartir\u00e1 los talleres <strong data-start=\"1808\" data-end=\"1831\">Bautizos inmersivos<\/strong>, una experiencia educativa en torno a la experimentaci\u00f3n y la creatividad sonora con tecnolog\u00eda binaural.<\/p>\n<p data-start=\"1941\" data-end=\"2404\">Gracias al estudio y desarrollo del sonido binaural, hemos creado <strong data-start=\"2007\" data-end=\"2039\">360\u00ba Experiencias Binaurales<\/strong>, una tecnolog\u00eda que recrea las condiciones de escucha del o\u00eddo humano y genera un efecto auditivo tridimensional. Aunque se trata de un dispositivo tecnol\u00f3gico de \u00faltima generaci\u00f3n, este sistema ofrece una experiencia profundamente humana y cercana, accesible tanto para el p\u00fablico habituado a las nuevas tecnolog\u00edas como para quienes se acercan por primera vez.<\/p>\n<p data-start=\"2406\" data-end=\"2961\">Las principales herramientas de nuestro proyecto son un micr\u00f3fono con forma de cabeza humana, el <strong data-start=\"2503\" data-end=\"2532\">Neumann Dummy Head KU-100<\/strong>, que capta la ejecuci\u00f3n musical a 360\u00ba, y los <strong data-start=\"2579\" data-end=\"2602\">auriculares AKG K91<\/strong>. Los artistas interpretan alrededor de este micr\u00f3fono, transmitiendo una sonoridad cercana e inmersiva a todos los asistentes. El sonido pasa directamente del micr\u00f3fono a la mente del p\u00fablico, que disfruta de la experiencia con auriculares y control de volumen propios, generando una percepci\u00f3n auditiva individualizada dentro de una experiencia colectiva.<\/p>\n<p data-start=\"2963\" data-end=\"3327\">Finalmente, queremos consolidar la colaboraci\u00f3n iniciada en la tercera edici\u00f3n con <strong data-start=\"3046\" data-end=\"3066\">D&amp;B Audiotechnik<\/strong>, integrando su innovador <strong data-start=\"3092\" data-end=\"3112\">procesador DS100<\/strong> y el <strong data-start=\"3118\" data-end=\"3156\">sistema de audio basado en objetos<\/strong>, una tecnolog\u00eda que nos permite expandir a\u00fan m\u00e1s las posibilidades creativas y sonoras del festival, abriendo nuevos horizontes en la inmersi\u00f3n y la interacci\u00f3n sonora.<\/p>\n<p>[\/et_pb_text][\/et_pb_column][\/et_pb_row][\/et_pb_section]<\/p>\n","protected":false},"excerpt":{"rendered":"<p>[et_pb_section fb_built=\u00bb1&#8243; _builder_version=\u00bb4.27.4&#8243; _module_preset=\u00bbdefault\u00bb background_color=\u00bbRGBA(255,255,255,0)\u00bb custom_padding=\u00bb0px||0px||true|false\u00bb locked=\u00bboff\u00bb global_colors_info=\u00bb{}\u00bb][et_pb_row column_structure=\u00bb3_5,2_5&#8243; _builder_version=\u00bb4.27.4&#8243; _module_preset=\u00bbdefault\u00bb width=\u00bb90%\u00bb locked=\u00bboff\u00bb global_colors_info=\u00bb{}\u00bb][et_pb_column type=\u00bb3_5&#8243; _builder_version=\u00bb4.27.4&#8243; _module_preset=\u00bbdefault\u00bb global_colors_info=\u00bb{}\u00bb][et_pb_code _builder_version=\u00bb4.27.4&#8243; _module_preset=\u00bbdefault\u00bb hover_enabled=\u00bb0&#8243; global_colors_info=\u00bb{}\u00bb sticky_enabled=\u00bb0&#8243;][\/et_pb_code][\/et_pb_column][et_pb_column type=\u00bb2_5&#8243; _builder_version=\u00bb4.27.4&#8243; _module_preset=\u00bbdefault\u00bb background_color=\u00bb#000000&#8243; custom_padding=\u00bb1.5em|1.5em|1.5em|1.5em|true|true\u00bb global_colors_info=\u00bb{}\u00bb][et_pb_text module_class=\u00bbtext-bloc\u00bb _builder_version=\u00bb4.27.4&#8243; _module_preset=\u00bbdefault\u00bb text_text_color=\u00bb#f1dad0&#8243; global_colors_info=\u00bb{}\u00bb] El Festival Real 360\u00ba ofrece una manera diferente de vivir y sentir la m\u00fasica. Una experiencia introspectiva, est\u00e9tica y en silencio [&hellip;]<\/p>\n","protected":false},"author":1,"featured_media":0,"parent":0,"menu_order":0,"comment_status":"closed","ping_status":"closed","template":"","meta":{"_acf_changed":false,"_et_pb_use_builder":"on","_et_pb_old_content":"","_et_gb_content_width":"","inline_featured_image":false,"footnotes":""},"class_list":["post-455","page","type-page","status-publish","hentry"],"acf":[],"yoast_head":"<!-- This site is optimized with the Yoast SEO plugin v25.8 - https:\/\/yoast.com\/wordpress\/plugins\/seo\/ -->\n<title>Artistas 2025 | Festival Real 360\u00ba<\/title>\n<meta name=\"description\" content=\"Explora los artistas de Festival Real 360\u00ba: actuaciones \u00edntimas y 360\u00b0, creadas para escuchar con el alma.\" \/>\n<meta name=\"robots\" content=\"index, follow, max-snippet:-1, max-image-preview:large, max-video-preview:-1\" \/>\n<link rel=\"canonical\" href=\"https:\/\/festivalreal.org\/es\/artistas\/\" \/>\n<meta property=\"og:locale\" content=\"es_ES\" \/>\n<meta property=\"og:type\" content=\"article\" \/>\n<meta property=\"og:title\" content=\"Artistas 2025 | Festival Real 360\u00ba\" \/>\n<meta property=\"og:description\" content=\"Explora los artistas de Festival Real 360\u00ba: actuaciones \u00edntimas y 360\u00b0, creadas para escuchar con el alma.\" \/>\n<meta property=\"og:url\" content=\"https:\/\/festivalreal.org\/es\/artistas\/\" \/>\n<meta property=\"og:site_name\" content=\"Festival Real\" \/>\n<meta property=\"article:modified_time\" content=\"2025-09-01T09:53:30+00:00\" \/>\n<meta name=\"twitter:card\" content=\"summary_large_image\" \/>\n<meta name=\"twitter:label1\" content=\"Tiempo de lectura\" \/>\n\t<meta name=\"twitter:data1\" content=\"3 minutos\" \/>\n<script type=\"application\/ld+json\" class=\"yoast-schema-graph\">{\"@context\":\"https:\/\/schema.org\",\"@graph\":[{\"@type\":\"WebPage\",\"@id\":\"https:\/\/festivalreal.org\/es\/artistas\/\",\"url\":\"https:\/\/festivalreal.org\/es\/artistas\/\",\"name\":\"Artistas 2025 | Festival Real 360\u00ba\",\"isPartOf\":{\"@id\":\"https:\/\/festivalreal.org\/#website\"},\"datePublished\":\"2025-07-28T06:46:26+00:00\",\"dateModified\":\"2025-09-01T09:53:30+00:00\",\"description\":\"Explora los artistas de Festival Real 360\u00ba: actuaciones \u00edntimas y 360\u00b0, creadas para escuchar con el alma.\",\"breadcrumb\":{\"@id\":\"https:\/\/festivalreal.org\/es\/artistas\/#breadcrumb\"},\"inLanguage\":\"es\",\"potentialAction\":[{\"@type\":\"ReadAction\",\"target\":[\"https:\/\/festivalreal.org\/es\/artistas\/\"]}]},{\"@type\":\"BreadcrumbList\",\"@id\":\"https:\/\/festivalreal.org\/es\/artistas\/#breadcrumb\",\"itemListElement\":[{\"@type\":\"ListItem\",\"position\":1,\"name\":\"Portada\",\"item\":\"https:\/\/festivalreal.org\/\"},{\"@type\":\"ListItem\",\"position\":2,\"name\":\"Artistas\"}]},{\"@type\":\"WebSite\",\"@id\":\"https:\/\/festivalreal.org\/#website\",\"url\":\"https:\/\/festivalreal.org\/\",\"name\":\"Festival Real\",\"description\":\"\",\"potentialAction\":[{\"@type\":\"SearchAction\",\"target\":{\"@type\":\"EntryPoint\",\"urlTemplate\":\"https:\/\/festivalreal.org\/?s={search_term_string}\"},\"query-input\":{\"@type\":\"PropertyValueSpecification\",\"valueRequired\":true,\"valueName\":\"search_term_string\"}}],\"inLanguage\":\"es\"}]}<\/script>\n<!-- \/ Yoast SEO plugin. -->","yoast_head_json":{"title":"Artistas 2025 | Festival Real 360\u00ba","description":"Explora los artistas de Festival Real 360\u00ba: actuaciones \u00edntimas y 360\u00b0, creadas para escuchar con el alma.","robots":{"index":"index","follow":"follow","max-snippet":"max-snippet:-1","max-image-preview":"max-image-preview:large","max-video-preview":"max-video-preview:-1"},"canonical":"https:\/\/festivalreal.org\/es\/artistas\/","og_locale":"es_ES","og_type":"article","og_title":"Artistas 2025 | Festival Real 360\u00ba","og_description":"Explora los artistas de Festival Real 360\u00ba: actuaciones \u00edntimas y 360\u00b0, creadas para escuchar con el alma.","og_url":"https:\/\/festivalreal.org\/es\/artistas\/","og_site_name":"Festival Real","article_modified_time":"2025-09-01T09:53:30+00:00","twitter_card":"summary_large_image","twitter_misc":{"Tiempo de lectura":"3 minutos"},"schema":{"@context":"https:\/\/schema.org","@graph":[{"@type":"WebPage","@id":"https:\/\/festivalreal.org\/es\/artistas\/","url":"https:\/\/festivalreal.org\/es\/artistas\/","name":"Artistas 2025 | Festival Real 360\u00ba","isPartOf":{"@id":"https:\/\/festivalreal.org\/#website"},"datePublished":"2025-07-28T06:46:26+00:00","dateModified":"2025-09-01T09:53:30+00:00","description":"Explora los artistas de Festival Real 360\u00ba: actuaciones \u00edntimas y 360\u00b0, creadas para escuchar con el alma.","breadcrumb":{"@id":"https:\/\/festivalreal.org\/es\/artistas\/#breadcrumb"},"inLanguage":"es","potentialAction":[{"@type":"ReadAction","target":["https:\/\/festivalreal.org\/es\/artistas\/"]}]},{"@type":"BreadcrumbList","@id":"https:\/\/festivalreal.org\/es\/artistas\/#breadcrumb","itemListElement":[{"@type":"ListItem","position":1,"name":"Portada","item":"https:\/\/festivalreal.org\/"},{"@type":"ListItem","position":2,"name":"Artistas"}]},{"@type":"WebSite","@id":"https:\/\/festivalreal.org\/#website","url":"https:\/\/festivalreal.org\/","name":"Festival Real","description":"","potentialAction":[{"@type":"SearchAction","target":{"@type":"EntryPoint","urlTemplate":"https:\/\/festivalreal.org\/?s={search_term_string}"},"query-input":{"@type":"PropertyValueSpecification","valueRequired":true,"valueName":"search_term_string"}}],"inLanguage":"es"}]}},"_links":{"self":[{"href":"https:\/\/festivalreal.org\/es\/wp-json\/wp\/v2\/pages\/455","targetHints":{"allow":["GET"]}}],"collection":[{"href":"https:\/\/festivalreal.org\/es\/wp-json\/wp\/v2\/pages"}],"about":[{"href":"https:\/\/festivalreal.org\/es\/wp-json\/wp\/v2\/types\/page"}],"author":[{"embeddable":true,"href":"https:\/\/festivalreal.org\/es\/wp-json\/wp\/v2\/users\/1"}],"replies":[{"embeddable":true,"href":"https:\/\/festivalreal.org\/es\/wp-json\/wp\/v2\/comments?post=455"}],"version-history":[{"count":25,"href":"https:\/\/festivalreal.org\/es\/wp-json\/wp\/v2\/pages\/455\/revisions"}],"predecessor-version":[{"id":762,"href":"https:\/\/festivalreal.org\/es\/wp-json\/wp\/v2\/pages\/455\/revisions\/762"}],"wp:attachment":[{"href":"https:\/\/festivalreal.org\/es\/wp-json\/wp\/v2\/media?parent=455"}],"curies":[{"name":"wp","href":"https:\/\/api.w.org\/{rel}","templated":true}]}}