{"id":458,"date":"2025-08-20T15:15:22","date_gmt":"2025-08-20T13:15:22","guid":{"rendered":"https:\/\/festivalreal.org\/edicion-2022\/"},"modified":"2025-10-20T09:36:30","modified_gmt":"2025-10-20T07:36:30","slug":"edicion-2022","status":"publish","type":"page","link":"https:\/\/festivalreal.org\/es\/edicion-2022\/","title":{"rendered":"Edici\u00f3n 2022"},"content":{"rendered":"<p>[et_pb_section fb_built=\u00bb1&#8243; _builder_version=\u00bb4.27.4&#8243; _module_preset=\u00bbdefault\u00bb background_color=\u00bbRGBA(255,255,255,0)\u00bb custom_padding=\u00bb0px||0px||true|false\u00bb locked=\u00bboff\u00bb global_colors_info=\u00bb{}\u00bb][et_pb_row column_structure=\u00bb3_5,2_5&#8243; _builder_version=\u00bb4.27.4&#8243; _module_preset=\u00bbdefault\u00bb width=\u00bb90%\u00bb locked=\u00bboff\u00bb global_colors_info=\u00bb{}\u00bb][et_pb_column type=\u00bb3_5&#8243; _builder_version=\u00bb4.27.4&#8243; _module_preset=\u00bbdefault\u00bb global_colors_info=\u00bb{}\u00bb][et_pb_text _builder_version=\u00bb4.27.4&#8243; _module_preset=\u00bbdefault\u00bb header_font=\u00bb|800|||||||\u00bb header_font_size=\u00bb40px\u00bb custom_padding=\u00bb2em|2em|2em|2em|true|true\u00bb header_font_size_tablet=\u00bb35px\u00bb header_font_size_phone=\u00bb30px\u00bb header_font_size_last_edited=\u00bbon|phone\u00bb custom_css_free_form=\u00bbselector h1{||  padding-bottom:0em;||}\u00bb border_width_all=\u00bb1px\u00bb box_shadow_style=\u00bbpreset4&#8243; box_shadow_color=\u00bb#000000&#8243; global_colors_info=\u00bb{}\u00bb]<\/p>\n<h1>Edici\u00f3n 2022<\/h1>\n<p>[\/et_pb_text][et_pb_code _builder_version=\u00bb4.27.4&#8243; _module_preset=\u00bbdefault\u00bb box_shadow_style=\u00bbpreset4&#8243; box_shadow_color=\u00bb#000000&#8243; global_colors_info=\u00bb{}\u00bb]<iframe loading=\"lazy\" width=\"560\" height=\"315\" src=\"https:\/\/www.youtube.com\/embed\/i-9v2Rq7e7c?si=83tcuehWAI5Fsc_0\" title=\"YouTube video player\" frameborder=\"0\" allow=\"accelerometer; autoplay; clipboard-write; encrypted-media; gyroscope; picture-in-picture; web-share\" referrerpolicy=\"strict-origin-when-cross-origin\" allowfullscreen=\"\"><\/iframe>[\/et_pb_code][et_pb_code _builder_version=\u00bb4.27.4&#8243; _module_preset=\u00bbdefault\u00bb global_colors_info=\u00bb{}\u00bb]<div class=\"artistes-grid\"><div class=\"artiste-nolink\"><div class=\"artiste-item\" style=\"background-image:url(https:\/\/festivalreal.org\/wp-content\/uploads\/festival-real-joan-oliver.webp)\"><div class=\"artiste-excerpt\"><div class=\"artiste-evento-info\"><div class=\"fecha\">6 octubre - 18:30h<\/div><div class=\"ubicacion\">Sala Paral\u00b7lel62<\/div><\/div><div class=\"artiste-evento-info\"><div class=\"fecha\">6 octubre - 21:30h<\/div><div class=\"ubicacion\">Sala Paral\u00b7lel62<\/div><\/div><\/div><\/div><div class=\"artiste-title\">Joan Miquel Oliver<\/div><\/div><div class=\"artiste-nolink\"><div class=\"artiste-item\" style=\"background-image:url(https:\/\/festivalreal.org\/wp-content\/uploads\/festival-real-de-la-carmela.webp)\"><div class=\"artiste-excerpt\"><div class=\"artiste-evento-info\"><div class=\"fecha\">5 octubre - 21:30h<\/div><div class=\"ubicacion\">Sala Paral\u00b7lel62<\/div><\/div><\/div><\/div><div class=\"artiste-title\">De la Carmela. Queralt Lahoz y Dani Felices<\/div><\/div><div class=\"artiste-nolink\"><div class=\"artiste-item\" style=\"background-image:url(https:\/\/festivalreal.org\/wp-content\/uploads\/festival-real-que-no-ens-passi-res.webp)\"><div class=\"artiste-excerpt\"><div class=\"artiste-evento-info\"><div class=\"fecha\">5 octubre - 18:30h<\/div><div class=\"ubicacion\">Sala Paral\u00b7lel62<\/div><\/div><\/div><\/div><div class=\"artiste-title\">Que no nos ocurra nada. Adriano Galante, Oriol Sauleda, Cote Fournier, Zoraida Rosell\u00f3<\/div><\/div><div class=\"artiste-nolink\"><div class=\"artiste-item\" style=\"background-image:url(https:\/\/festivalreal.org\/wp-content\/uploads\/festival-real-ana-tijoux.webp)\"><div class=\"artiste-excerpt\"><div class=\"artiste-evento-info\"><div class=\"fecha\">4 octubre - 18:30h<\/div><div class=\"ubicacion\">Sala Paral\u00b7lel 62<\/div><\/div><div class=\"artiste-evento-info\"><div class=\"fecha\">4 octubre - 21:30h<\/div><div class=\"ubicacion\">Sala Paral\u00b7lel 62<\/div><\/div><\/div><\/div><div class=\"artiste-title\">Ana Tijoux (Ac\u00fastico)<\/div><\/div><div class=\"artiste-nolink\"><div class=\"artiste-item\" style=\"background-image:url(https:\/\/festivalreal.org\/wp-content\/uploads\/festival-real-marala.webp)\"><div class=\"artiste-excerpt\"><div class=\"artiste-evento-info\"><div class=\"fecha\">3 octubre - 18:30h<\/div><div class=\"ubicacion\">Sala Paral\u00b7lel 62<\/div><\/div><\/div><\/div><div class=\"artiste-title\">Marala<\/div><\/div><div class=\"artiste-nolink\"><div class=\"artiste-item\" style=\"background-image:url(https:\/\/festivalreal.org\/wp-content\/uploads\/festival-real-2024-nico-roig.webp)\"><div class=\"artiste-excerpt\"><div class=\"artiste-evento-info\"><div class=\"fecha\">3 octubre - 21:30h<\/div><div class=\"ubicacion\">Sala Paral\u00b7lel62<\/div><\/div><\/div><\/div><div class=\"artiste-title\">Nico Roig<\/div><\/div><\/div>[\/et_pb_code][\/et_pb_column][et_pb_column type=\u00bb2_5&#8243; _builder_version=\u00bb4.27.4&#8243; _module_preset=\u00bbdefault\u00bb background_color=\u00bb#000000&#8243; custom_padding=\u00bb1.5em|1.5em|1.5em|1.5em|true|true\u00bb global_colors_info=\u00bb{}\u00bb][et_pb_image src=\u00bbhttps:\/\/festivalreal.org\/wp-content\/uploads\/Real_2022-scaled.webp\u00bb title_text=\u00bbReal_2022&#8243; _builder_version=\u00bb4.27.4&#8243; _module_preset=\u00bbdefault\u00bb global_colors_info=\u00bb{}\u00bb][\/et_pb_image][et_pb_text _builder_version=\u00bb4.27.4&#8243; _module_preset=\u00bbdefault\u00bb text_text_color=\u00bb#f1dad0&#8243; link_font=\u00bb||||on||||\u00bb link_text_color=\u00bb#f1dad0&#8243; global_colors_info=\u00bb{}\u00bb]<\/p>\n<p>Se nos ha pasado volando la primera edici\u00f3n del Festival Real 360. Hemos vivido ocho experiencias sonoras, y ahora, a una semana del comienzo, los sonidos y las im\u00e1genes se entrelazan en nuestra retina y memoria.<\/p>\n<p>Empezamos el primer d\u00eda con la belleza sonora y coreogr\u00e1fica de la propuesta de Marala, la frescura y experimentaci\u00f3n de Nico Roig y su banda. Seguimos con Ana Tijoux m\u00e1s juguetona y divertida, pero tambi\u00e9n emotiva en el cumplea\u00f1os de Violeta Parra. Nos embriagamos junto con Ferrater y Gil de Biedma con Que No Nos Pase Nada con Adriano Galante, Oriol Sauleda, Zoraida Rosell\u00f3 y Cote Fornier, y todav\u00eda resuena la ranchera final con De la Carmela: Queralt Lahoz y Dani Felices pusieron a todo el p\u00fablico en pie a desga\u00f1itarse. El broche final lo puso un Joan Miquel Oliver que con su sencillez y sensibilidad sac\u00f3 lo mejor de la proximidad que genera el nuevo formato que propone el festival.<\/p>\n<p>Esto no habr\u00eda sido posible sin el superequipazo de la Asociaci\u00f3n Panorama180 y de la sala Paral\u00b7lel 62 que han funcionado como orquesta sincopada de una forma maravillosa, junto con el resto de las entidades proveedoras del festival, Barco Comunicaci\u00f3n, Folio Verde, Ticketick, Coop57 y el super dise\u00f1o de <a href=\"%E2%80%9Dhttps:\/\/www.instagram.com\/Borja_El\/%E2%80%9D\">@Borja_El<\/a> y la web de Brais.<\/p>\n<p>A todos y todas ellas y las personas que acudisteis como p\u00fablico, muchas gracias.<\/p>\n<p>Estamos abriendo un nuevo formato para la creaci\u00f3n sonora y visual y continuaremos dando noticias y propuestas. \u00a1Os esperamos!<\/p>\n<p>[\/et_pb_text][\/et_pb_column][\/et_pb_row][\/et_pb_section]<\/p>\n","protected":false},"excerpt":{"rendered":"<p>[et_pb_section fb_built=\u00bb1&#8243; _builder_version=\u00bb4.27.4&#8243; _module_preset=\u00bbdefault\u00bb background_color=\u00bbRGBA(255,255,255,0)\u00bb custom_padding=\u00bb0px||0px||true|false\u00bb locked=\u00bboff\u00bb global_colors_info=\u00bb{}\u00bb][et_pb_row column_structure=\u00bb3_5,2_5&#8243; _builder_version=\u00bb4.27.4&#8243; _module_preset=\u00bbdefault\u00bb width=\u00bb90%\u00bb locked=\u00bboff\u00bb global_colors_info=\u00bb{}\u00bb][et_pb_column type=\u00bb3_5&#8243; _builder_version=\u00bb4.27.4&#8243; _module_preset=\u00bbdefault\u00bb global_colors_info=\u00bb{}\u00bb][et_pb_text _builder_version=\u00bb4.27.4&#8243; _module_preset=\u00bbdefault\u00bb header_font=\u00bb|800|||||||\u00bb header_font_size=\u00bb40px\u00bb custom_padding=\u00bb2em|2em|2em|2em|true|true\u00bb header_font_size_tablet=\u00bb35px\u00bb header_font_size_phone=\u00bb30px\u00bb header_font_size_last_edited=\u00bbon|phone\u00bb custom_css_free_form=\u00bbselector h1{|| padding-bottom:0em;||}\u00bb border_width_all=\u00bb1px\u00bb box_shadow_style=\u00bbpreset4&#8243; box_shadow_color=\u00bb#000000&#8243; global_colors_info=\u00bb{}\u00bb] Edici\u00f3n 2022 [\/et_pb_text][et_pb_code _builder_version=\u00bb4.27.4&#8243; _module_preset=\u00bbdefault\u00bb box_shadow_style=\u00bbpreset4&#8243; box_shadow_color=\u00bb#000000&#8243; global_colors_info=\u00bb{}\u00bb][\/et_pb_code][et_pb_code _builder_version=\u00bb4.27.4&#8243; _module_preset=\u00bbdefault\u00bb global_colors_info=\u00bb{}\u00bb][\/et_pb_code][\/et_pb_column][et_pb_column type=\u00bb2_5&#8243; _builder_version=\u00bb4.27.4&#8243; _module_preset=\u00bbdefault\u00bb background_color=\u00bb#000000&#8243; custom_padding=\u00bb1.5em|1.5em|1.5em|1.5em|true|true\u00bb global_colors_info=\u00bb{}\u00bb][et_pb_image src=\u00bbhttps:\/\/festivalreal.org\/wp-content\/uploads\/Real_2022-scaled.webp\u00bb title_text=\u00bbReal_2022&#8243; _builder_version=\u00bb4.27.4&#8243; _module_preset=\u00bbdefault\u00bb global_colors_info=\u00bb{}\u00bb][\/et_pb_image][et_pb_text [&hellip;]<\/p>\n","protected":false},"author":1,"featured_media":0,"parent":0,"menu_order":0,"comment_status":"closed","ping_status":"closed","template":"","meta":{"_acf_changed":false,"_et_pb_use_builder":"on","_et_pb_old_content":"","_et_gb_content_width":"","inline_featured_image":false,"footnotes":""},"class_list":["post-458","page","type-page","status-publish","hentry"],"acf":[],"yoast_head":"<!-- This site is optimized with the Yoast SEO plugin v25.8 - https:\/\/yoast.com\/wordpress\/plugins\/seo\/ -->\n<title>Edici\u00f3n 2022 | Festival Real 360\u00ba<\/title>\n<meta name=\"description\" content=\"Ocho actuaciones \u00edntimas en sala Paral\u00b7lel\u202f62 (octubre\u202f2022): Marala, Ana Tijoux, Joan Miquel Oliver\u2026 una experiencia sonora inolvidable.\" \/>\n<meta name=\"robots\" content=\"index, follow, max-snippet:-1, max-image-preview:large, max-video-preview:-1\" \/>\n<link rel=\"canonical\" href=\"https:\/\/festivalreal.org\/es\/edicion-2022\/\" \/>\n<meta property=\"og:locale\" content=\"es_ES\" \/>\n<meta property=\"og:type\" content=\"article\" \/>\n<meta property=\"og:title\" content=\"Edici\u00f3n 2022 | Festival Real 360\u00ba\" \/>\n<meta property=\"og:description\" content=\"Ocho actuaciones \u00edntimas en sala Paral\u00b7lel\u202f62 (octubre\u202f2022): Marala, Ana Tijoux, Joan Miquel Oliver\u2026 una experiencia sonora inolvidable.\" \/>\n<meta property=\"og:url\" content=\"https:\/\/festivalreal.org\/es\/edicion-2022\/\" \/>\n<meta property=\"og:site_name\" content=\"Festival Real\" \/>\n<meta property=\"article:modified_time\" content=\"2025-10-20T07:36:30+00:00\" \/>\n<meta name=\"twitter:card\" content=\"summary_large_image\" \/>\n<meta name=\"twitter:label1\" content=\"Tiempo de lectura\" \/>\n\t<meta name=\"twitter:data1\" content=\"2 minutos\" \/>\n<script type=\"application\/ld+json\" class=\"yoast-schema-graph\">{\"@context\":\"https:\/\/schema.org\",\"@graph\":[{\"@type\":\"WebPage\",\"@id\":\"https:\/\/festivalreal.org\/es\/edicion-2022\/\",\"url\":\"https:\/\/festivalreal.org\/es\/edicion-2022\/\",\"name\":\"Edici\u00f3n 2022 | Festival Real 360\u00ba\",\"isPartOf\":{\"@id\":\"https:\/\/festivalreal.org\/#website\"},\"datePublished\":\"2025-08-20T13:15:22+00:00\",\"dateModified\":\"2025-10-20T07:36:30+00:00\",\"description\":\"Ocho actuaciones \u00edntimas en sala Paral\u00b7lel\u202f62 (octubre\u202f2022): Marala, Ana Tijoux, Joan Miquel Oliver\u2026 una experiencia sonora inolvidable.\",\"breadcrumb\":{\"@id\":\"https:\/\/festivalreal.org\/es\/edicion-2022\/#breadcrumb\"},\"inLanguage\":\"es\",\"potentialAction\":[{\"@type\":\"ReadAction\",\"target\":[\"https:\/\/festivalreal.org\/es\/edicion-2022\/\"]}]},{\"@type\":\"BreadcrumbList\",\"@id\":\"https:\/\/festivalreal.org\/es\/edicion-2022\/#breadcrumb\",\"itemListElement\":[{\"@type\":\"ListItem\",\"position\":1,\"name\":\"Portada\",\"item\":\"https:\/\/festivalreal.org\/\"},{\"@type\":\"ListItem\",\"position\":2,\"name\":\"Edici\u00f3n 2022\"}]},{\"@type\":\"WebSite\",\"@id\":\"https:\/\/festivalreal.org\/#website\",\"url\":\"https:\/\/festivalreal.org\/\",\"name\":\"Festival Real\",\"description\":\"\",\"potentialAction\":[{\"@type\":\"SearchAction\",\"target\":{\"@type\":\"EntryPoint\",\"urlTemplate\":\"https:\/\/festivalreal.org\/?s={search_term_string}\"},\"query-input\":{\"@type\":\"PropertyValueSpecification\",\"valueRequired\":true,\"valueName\":\"search_term_string\"}}],\"inLanguage\":\"es\"}]}<\/script>\n<!-- \/ Yoast SEO plugin. -->","yoast_head_json":{"title":"Edici\u00f3n 2022 | Festival Real 360\u00ba","description":"Ocho actuaciones \u00edntimas en sala Paral\u00b7lel\u202f62 (octubre\u202f2022): Marala, Ana Tijoux, Joan Miquel Oliver\u2026 una experiencia sonora inolvidable.","robots":{"index":"index","follow":"follow","max-snippet":"max-snippet:-1","max-image-preview":"max-image-preview:large","max-video-preview":"max-video-preview:-1"},"canonical":"https:\/\/festivalreal.org\/es\/edicion-2022\/","og_locale":"es_ES","og_type":"article","og_title":"Edici\u00f3n 2022 | Festival Real 360\u00ba","og_description":"Ocho actuaciones \u00edntimas en sala Paral\u00b7lel\u202f62 (octubre\u202f2022): Marala, Ana Tijoux, Joan Miquel Oliver\u2026 una experiencia sonora inolvidable.","og_url":"https:\/\/festivalreal.org\/es\/edicion-2022\/","og_site_name":"Festival Real","article_modified_time":"2025-10-20T07:36:30+00:00","twitter_card":"summary_large_image","twitter_misc":{"Tiempo de lectura":"2 minutos"},"schema":{"@context":"https:\/\/schema.org","@graph":[{"@type":"WebPage","@id":"https:\/\/festivalreal.org\/es\/edicion-2022\/","url":"https:\/\/festivalreal.org\/es\/edicion-2022\/","name":"Edici\u00f3n 2022 | Festival Real 360\u00ba","isPartOf":{"@id":"https:\/\/festivalreal.org\/#website"},"datePublished":"2025-08-20T13:15:22+00:00","dateModified":"2025-10-20T07:36:30+00:00","description":"Ocho actuaciones \u00edntimas en sala Paral\u00b7lel\u202f62 (octubre\u202f2022): Marala, Ana Tijoux, Joan Miquel Oliver\u2026 una experiencia sonora inolvidable.","breadcrumb":{"@id":"https:\/\/festivalreal.org\/es\/edicion-2022\/#breadcrumb"},"inLanguage":"es","potentialAction":[{"@type":"ReadAction","target":["https:\/\/festivalreal.org\/es\/edicion-2022\/"]}]},{"@type":"BreadcrumbList","@id":"https:\/\/festivalreal.org\/es\/edicion-2022\/#breadcrumb","itemListElement":[{"@type":"ListItem","position":1,"name":"Portada","item":"https:\/\/festivalreal.org\/"},{"@type":"ListItem","position":2,"name":"Edici\u00f3n 2022"}]},{"@type":"WebSite","@id":"https:\/\/festivalreal.org\/#website","url":"https:\/\/festivalreal.org\/","name":"Festival Real","description":"","potentialAction":[{"@type":"SearchAction","target":{"@type":"EntryPoint","urlTemplate":"https:\/\/festivalreal.org\/?s={search_term_string}"},"query-input":{"@type":"PropertyValueSpecification","valueRequired":true,"valueName":"search_term_string"}}],"inLanguage":"es"}]}},"_links":{"self":[{"href":"https:\/\/festivalreal.org\/es\/wp-json\/wp\/v2\/pages\/458","targetHints":{"allow":["GET"]}}],"collection":[{"href":"https:\/\/festivalreal.org\/es\/wp-json\/wp\/v2\/pages"}],"about":[{"href":"https:\/\/festivalreal.org\/es\/wp-json\/wp\/v2\/types\/page"}],"author":[{"embeddable":true,"href":"https:\/\/festivalreal.org\/es\/wp-json\/wp\/v2\/users\/1"}],"replies":[{"embeddable":true,"href":"https:\/\/festivalreal.org\/es\/wp-json\/wp\/v2\/comments?post=458"}],"version-history":[{"count":9,"href":"https:\/\/festivalreal.org\/es\/wp-json\/wp\/v2\/pages\/458\/revisions"}],"predecessor-version":[{"id":958,"href":"https:\/\/festivalreal.org\/es\/wp-json\/wp\/v2\/pages\/458\/revisions\/958"}],"wp:attachment":[{"href":"https:\/\/festivalreal.org\/es\/wp-json\/wp\/v2\/media?parent=458"}],"curies":[{"name":"wp","href":"https:\/\/api.w.org\/{rel}","templated":true}]}}