{"id":464,"date":"2025-07-28T08:46:44","date_gmt":"2025-07-28T06:46:44","guid":{"rendered":"https:\/\/festivalreal.org\/edicion-2024\/"},"modified":"2025-09-03T10:06:21","modified_gmt":"2025-09-03T08:06:21","slug":"edicion-2024","status":"publish","type":"page","link":"https:\/\/festivalreal.org\/es\/edicion-2024\/","title":{"rendered":"Edici\u00f3n 2024"},"content":{"rendered":"<p>[et_pb_section fb_built=\u00bb1&#8243; _builder_version=\u00bb4.27.4&#8243; _module_preset=\u00bbdefault\u00bb background_color=\u00bbRGBA(255,255,255,0)\u00bb custom_padding=\u00bb0px||0px||true|false\u00bb locked=\u00bboff\u00bb global_colors_info=\u00bb{}\u00bb][et_pb_row column_structure=\u00bb3_5,2_5&#8243; _builder_version=\u00bb4.27.4&#8243; _module_preset=\u00bbdefault\u00bb width=\u00bb90%\u00bb locked=\u00bboff\u00bb global_colors_info=\u00bb{}\u00bb][et_pb_column type=\u00bb3_5&#8243; _builder_version=\u00bb4.27.4&#8243; _module_preset=\u00bbdefault\u00bb global_colors_info=\u00bb{}\u00bb][et_pb_text _builder_version=\u00bb4.27.4&#8243; _module_preset=\u00bbdefault\u00bb header_font=\u00bb|800|||||||\u00bb header_font_size=\u00bb40px\u00bb custom_padding=\u00bb2em|2em|2em|2em|true|true\u00bb header_font_size_tablet=\u00bb35px\u00bb header_font_size_phone=\u00bb30px\u00bb header_font_size_last_edited=\u00bbon|phone\u00bb custom_css_free_form=\u00bbselector h1{||  padding-bottom:0em;||}\u00bb border_width_all=\u00bb1px\u00bb box_shadow_style=\u00bbpreset4&#8243; box_shadow_color=\u00bb#000000&#8243; global_colors_info=\u00bb{}\u00bb]<\/p>\n<h1>Edici\u00f3n 2024<\/h1>\n<p>[\/et_pb_text][et_pb_code _builder_version=\u00bb4.27.4&#8243; _module_preset=\u00bbdefault\u00bb box_shadow_style=\u00bbpreset4&#8243; box_shadow_color=\u00bb#000000&#8243; global_colors_info=\u00bb{}\u00bb]<iframe loading=\"lazy\" width=\"560\" height=\"315\" src=\"https:\/\/www.youtube.com\/embed\/fyrmk_VIgRo?si=4s5QBexHYmJy4Pgr\" title=\"YouTube video player\" frameborder=\"0\" allow=\"accelerometer; autoplay; clipboard-write; encrypted-media; gyroscope; picture-in-picture; web-share\" referrerpolicy=\"strict-origin-when-cross-origin\" allowfullscreen=\"\"><\/iframe>[\/et_pb_code][et_pb_code _builder_version=\u00bb4.27.4&#8243; _module_preset=\u00bbdefault\u00bb global_colors_info=\u00bb{}\u00bb]<div class=\"artistes-grid\"><div class=\"artiste-nolink\"><div class=\"artiste-item\" style=\"background-image:url(https:\/\/festivalreal.org\/wp-content\/uploads\/festival-real-2024-nico-roig.webp)\"><div class=\"artiste-excerpt\"><div class=\"artiste-evento-info\"><div class=\"fecha\">1 diciembre - 21:00h<\/div><div class=\"ubicacion\">Espai Texas (Barcelona)<\/div><\/div><\/div><\/div><div class=\"artiste-title\">Nico Roig<\/div><\/div><div class=\"artiste-nolink\"><div class=\"artiste-item\" style=\"background-image:url(https:\/\/festivalreal.org\/wp-content\/uploads\/festival-real-2024-magali-sare.webp)\"><div class=\"artiste-excerpt\"><div class=\"artiste-evento-info\"><div class=\"fecha\">1 diciembre - 18:00h<\/div><div class=\"ubicacion\">Espai Texas<\/div><\/div><\/div><\/div><div class=\"artiste-title\">Magali Sare y Sebasti\u00e0 Gris<\/div><\/div><div class=\"artiste-nolink\"><div class=\"artiste-item\" style=\"background-image:url(https:\/\/festivalreal.org\/wp-content\/uploads\/festival-real-2024-maria-rodes.webp)\"><div class=\"artiste-excerpt\"><div class=\"artiste-evento-info\"><div class=\"fecha\">30 noviembre - 21:00h<\/div><div class=\"ubicacion\">Espai Texas (Barcelona)<\/div><\/div><\/div><\/div><div class=\"artiste-title\">Maria Rod\u00e9s<\/div><\/div><div class=\"artiste-nolink\"><div class=\"artiste-item\" style=\"background-image:url(https:\/\/festivalreal.org\/wp-content\/uploads\/festival-real-2024-espaldamaceta.webp)\"><div class=\"artiste-excerpt\"><div class=\"artiste-evento-info\"><div class=\"fecha\">30 noviembre - 18:00h<\/div><div class=\"ubicacion\">Espai Texas<\/div><\/div><\/div><\/div><div class=\"artiste-title\">Espaldamaceta<\/div><\/div><div class=\"artiste-nolink\"><div class=\"artiste-item\" style=\"background-image:url(https:\/\/festivalreal.org\/wp-content\/uploads\/festival-real-2024-pablo-schvarzman.webp)\"><div class=\"artiste-excerpt\"><div class=\"artiste-evento-info\"><div class=\"fecha\">29 noviembre - 18:00h<\/div><div class=\"ubicacion\">Espai Texas (Barcelona)<\/div><\/div><\/div><\/div><div class=\"artiste-title\">Pablo Schvarzman<\/div><\/div><div class=\"artiste-nolink\"><div class=\"artiste-item\" style=\"background-image:url(https:\/\/festivalreal.org\/wp-content\/uploads\/festival-real-2024-vic-mirallas.webp)\"><div class=\"artiste-excerpt\"><div class=\"artiste-evento-info\"><div class=\"fecha\">28 noviembre - 20:00h<\/div><div class=\"ubicacion\">Espai Texas (Barcelona)<\/div><\/div><\/div><\/div><div class=\"artiste-title\">Vic Mirallas<\/div><\/div><div class=\"artiste-nolink\"><div class=\"artiste-item\" style=\"background-image:url(https:\/\/festivalreal.org\/wp-content\/uploads\/festival-real-360-azulceleste-2025.webp)\"><div class=\"artiste-excerpt\"><div class=\"artiste-evento-info\"><div class=\"fecha\"><\/div><div class=\"ubicacion\"><\/div><\/div><\/div><\/div><div class=\"artiste-title\">Azulceleste<\/div><\/div><\/div>[\/et_pb_code][\/et_pb_column][et_pb_column type=\u00bb2_5&#8243; _builder_version=\u00bb4.27.4&#8243; _module_preset=\u00bbdefault\u00bb background_color=\u00bb#000000&#8243; custom_padding=\u00bb1.5em|1.5em|1.5em|1.5em|true|true\u00bb global_colors_info=\u00bb{}\u00bb][et_pb_image src=\u00bbhttps:\/\/festivalreal.org\/wp-content\/uploads\/Real_2024-scaled.webp\u00bb _builder_version=\u00bb4.27.4&#8243; _module_preset=\u00bbdefault\u00bb title_text=\u00bbReal_2024&#8243; hover_enabled=\u00bb0&#8243; sticky_enabled=\u00bb0&#8243;][\/et_pb_image][et_pb_text _builder_version=\u00bb4.27.4&#8243; _module_preset=\u00bbdefault\u00bb text_text_color=\u00bb#f1dad0&#8243; global_colors_info=\u00bb{}\u00bb]<\/p>\n<p>El Festival Real 360\u00ba Experiencias Binaurals es un nuevo festival que propone actuaciones basadas en la creaci\u00f3n y desarrollo de un nuevo formato para la m\u00fasica en directo. Consiste en la realizaci\u00f3n de experiencias sonoras, donde el p\u00fablico y los artistas perciben la actuaci\u00f3n mediante auriculares con un sonido de 360 \u200b\u200b\u00ba (sonido binaural).<\/p>\n<p>Real ofrece una forma diferente de vivir y escuchar la m\u00fasica. Una experiencia introspectiva, est\u00e9tica, en silencio, que conecta con tu interior y traslada en tu tiempo. Un entorno dise\u00f1ado por y para la m\u00fasica, un espacio de expresi\u00f3n art\u00edstica, que estimula intensamente los sentidos, trasladando a cada espectador a un lugar de contemplaci\u00f3n m\u00e1gico y desconocido.<\/p>\n<p>Es una experiencia especialmente sensitiva, \u00edntima, cercana, donde se rompe la barrera p\u00fablico-artista para crear una uni\u00f3n de comunicaci\u00f3n rec\u00edproca, intensa y totalmente asombrosa. Cada persona recibe, nota y siente los movimientos de los int\u00e9rpretes, as\u00ed como su proximidad y lejan\u00eda en el espacio de acci\u00f3n. Se puede escuchar un murmullo en la oreja con una sutilidad extraordinaria y delicada, una interacci\u00f3n excepcional y conmovedora nunca experimentada.<\/p>\n<p>[\/et_pb_text][\/et_pb_column][\/et_pb_row][\/et_pb_section]<\/p>\n","protected":false},"excerpt":{"rendered":"<p>[et_pb_section fb_built=\u00bb1&#8243; _builder_version=\u00bb4.27.4&#8243; _module_preset=\u00bbdefault\u00bb background_color=\u00bbRGBA(255,255,255,0)\u00bb custom_padding=\u00bb0px||0px||true|false\u00bb locked=\u00bboff\u00bb global_colors_info=\u00bb{}\u00bb][et_pb_row column_structure=\u00bb3_5,2_5&#8243; _builder_version=\u00bb4.27.4&#8243; _module_preset=\u00bbdefault\u00bb width=\u00bb90%\u00bb locked=\u00bboff\u00bb global_colors_info=\u00bb{}\u00bb][et_pb_column type=\u00bb3_5&#8243; _builder_version=\u00bb4.27.4&#8243; _module_preset=\u00bbdefault\u00bb global_colors_info=\u00bb{}\u00bb][et_pb_text _builder_version=\u00bb4.27.4&#8243; _module_preset=\u00bbdefault\u00bb header_font=\u00bb|800|||||||\u00bb header_font_size=\u00bb40px\u00bb custom_padding=\u00bb2em|2em|2em|2em|true|true\u00bb header_font_size_tablet=\u00bb35px\u00bb header_font_size_phone=\u00bb30px\u00bb header_font_size_last_edited=\u00bbon|phone\u00bb custom_css_free_form=\u00bbselector h1{|| padding-bottom:0em;||}\u00bb border_width_all=\u00bb1px\u00bb box_shadow_style=\u00bbpreset4&#8243; box_shadow_color=\u00bb#000000&#8243; global_colors_info=\u00bb{}\u00bb] Edici\u00f3n 2024 [\/et_pb_text][et_pb_code _builder_version=\u00bb4.27.4&#8243; _module_preset=\u00bbdefault\u00bb box_shadow_style=\u00bbpreset4&#8243; box_shadow_color=\u00bb#000000&#8243; global_colors_info=\u00bb{}\u00bb][\/et_pb_code][et_pb_code _builder_version=\u00bb4.27.4&#8243; _module_preset=\u00bbdefault\u00bb global_colors_info=\u00bb{}\u00bb][\/et_pb_code][\/et_pb_column][et_pb_column type=\u00bb2_5&#8243; _builder_version=\u00bb4.27.4&#8243; _module_preset=\u00bbdefault\u00bb background_color=\u00bb#000000&#8243; custom_padding=\u00bb1.5em|1.5em|1.5em|1.5em|true|true\u00bb global_colors_info=\u00bb{}\u00bb][et_pb_image src=\u00bbhttps:\/\/festivalreal.org\/wp-content\/uploads\/Real_2024-scaled.webp\u00bb _builder_version=\u00bb4.27.4&#8243; _module_preset=\u00bbdefault\u00bb title_text=\u00bbReal_2024&#8243; hover_enabled=\u00bb0&#8243; [&hellip;]<\/p>\n","protected":false},"author":1,"featured_media":0,"parent":0,"menu_order":0,"comment_status":"closed","ping_status":"closed","template":"","meta":{"_acf_changed":false,"_et_pb_use_builder":"on","_et_pb_old_content":"","_et_gb_content_width":"","inline_featured_image":false,"footnotes":""},"class_list":["post-464","page","type-page","status-publish","hentry"],"acf":[],"yoast_head":"<!-- This site is optimized with the Yoast SEO plugin v25.8 - https:\/\/yoast.com\/wordpress\/plugins\/seo\/ -->\n<title>Edici\u00f3n 2024 | Festival Real 360\u00ba<\/title>\n<meta name=\"description\" content=\"Festival Real\u202f360\u00ba 2024 con Nico Roig, Maria Rod\u00e9s, Espaldamaceta, Vic Mirallas, Azulceleste\u2026 una conexi\u00f3n musical \u00edntima y envolvente.\" \/>\n<meta name=\"robots\" content=\"index, follow, max-snippet:-1, max-image-preview:large, max-video-preview:-1\" \/>\n<link rel=\"canonical\" href=\"https:\/\/festivalreal.org\/edicio-2024\/\" \/>\n<meta property=\"og:locale\" content=\"es_ES\" \/>\n<meta property=\"og:type\" content=\"article\" \/>\n<meta property=\"og:title\" content=\"Edici\u00f3n 2024 | Festival Real 360\u00ba\" \/>\n<meta property=\"og:description\" content=\"Festival Real\u202f360\u00ba 2024 con Nico Roig, Maria Rod\u00e9s, Espaldamaceta, Vic Mirallas, Azulceleste\u2026 una conexi\u00f3n musical \u00edntima y envolvente.\" \/>\n<meta property=\"og:url\" content=\"https:\/\/festivalreal.org\/edicio-2024\/\" \/>\n<meta property=\"og:site_name\" content=\"Festival Real\" \/>\n<meta property=\"article:modified_time\" content=\"2025-09-03T08:06:21+00:00\" \/>\n<meta name=\"twitter:card\" content=\"summary_large_image\" \/>\n<meta name=\"twitter:label1\" content=\"Tiempo de lectura\" \/>\n\t<meta name=\"twitter:data1\" content=\"1 minuto\" \/>\n<script type=\"application\/ld+json\" class=\"yoast-schema-graph\">{\"@context\":\"https:\/\/schema.org\",\"@graph\":[{\"@type\":\"WebPage\",\"@id\":\"https:\/\/festivalreal.org\/edicio-2024\/\",\"url\":\"https:\/\/festivalreal.org\/edicio-2024\/\",\"name\":\"Edici\u00f3n 2024 | Festival Real 360\u00ba\",\"isPartOf\":{\"@id\":\"https:\/\/festivalreal.org\/#website\"},\"datePublished\":\"2025-07-28T06:46:44+00:00\",\"dateModified\":\"2025-09-03T08:06:21+00:00\",\"description\":\"Festival Real\u202f360\u00ba 2024 con Nico Roig, Maria Rod\u00e9s, Espaldamaceta, Vic Mirallas, Azulceleste\u2026 una conexi\u00f3n musical \u00edntima y envolvente.\",\"breadcrumb\":{\"@id\":\"https:\/\/festivalreal.org\/edicio-2024\/#breadcrumb\"},\"inLanguage\":\"es\",\"potentialAction\":[{\"@type\":\"ReadAction\",\"target\":[\"https:\/\/festivalreal.org\/edicio-2024\/\"]}]},{\"@type\":\"BreadcrumbList\",\"@id\":\"https:\/\/festivalreal.org\/edicio-2024\/#breadcrumb\",\"itemListElement\":[{\"@type\":\"ListItem\",\"position\":1,\"name\":\"Portada\",\"item\":\"https:\/\/festivalreal.org\/\"},{\"@type\":\"ListItem\",\"position\":2,\"name\":\"Edici\u00f3n 2024\"}]},{\"@type\":\"WebSite\",\"@id\":\"https:\/\/festivalreal.org\/#website\",\"url\":\"https:\/\/festivalreal.org\/\",\"name\":\"Festival Real\",\"description\":\"\",\"potentialAction\":[{\"@type\":\"SearchAction\",\"target\":{\"@type\":\"EntryPoint\",\"urlTemplate\":\"https:\/\/festivalreal.org\/?s={search_term_string}\"},\"query-input\":{\"@type\":\"PropertyValueSpecification\",\"valueRequired\":true,\"valueName\":\"search_term_string\"}}],\"inLanguage\":\"es\"}]}<\/script>\n<!-- \/ Yoast SEO plugin. -->","yoast_head_json":{"title":"Edici\u00f3n 2024 | Festival Real 360\u00ba","description":"Festival Real\u202f360\u00ba 2024 con Nico Roig, Maria Rod\u00e9s, Espaldamaceta, Vic Mirallas, Azulceleste\u2026 una conexi\u00f3n musical \u00edntima y envolvente.","robots":{"index":"index","follow":"follow","max-snippet":"max-snippet:-1","max-image-preview":"max-image-preview:large","max-video-preview":"max-video-preview:-1"},"canonical":"https:\/\/festivalreal.org\/edicio-2024\/","og_locale":"es_ES","og_type":"article","og_title":"Edici\u00f3n 2024 | Festival Real 360\u00ba","og_description":"Festival Real\u202f360\u00ba 2024 con Nico Roig, Maria Rod\u00e9s, Espaldamaceta, Vic Mirallas, Azulceleste\u2026 una conexi\u00f3n musical \u00edntima y envolvente.","og_url":"https:\/\/festivalreal.org\/edicio-2024\/","og_site_name":"Festival Real","article_modified_time":"2025-09-03T08:06:21+00:00","twitter_card":"summary_large_image","twitter_misc":{"Tiempo de lectura":"1 minuto"},"schema":{"@context":"https:\/\/schema.org","@graph":[{"@type":"WebPage","@id":"https:\/\/festivalreal.org\/edicio-2024\/","url":"https:\/\/festivalreal.org\/edicio-2024\/","name":"Edici\u00f3n 2024 | Festival Real 360\u00ba","isPartOf":{"@id":"https:\/\/festivalreal.org\/#website"},"datePublished":"2025-07-28T06:46:44+00:00","dateModified":"2025-09-03T08:06:21+00:00","description":"Festival Real\u202f360\u00ba 2024 con Nico Roig, Maria Rod\u00e9s, Espaldamaceta, Vic Mirallas, Azulceleste\u2026 una conexi\u00f3n musical \u00edntima y envolvente.","breadcrumb":{"@id":"https:\/\/festivalreal.org\/edicio-2024\/#breadcrumb"},"inLanguage":"es","potentialAction":[{"@type":"ReadAction","target":["https:\/\/festivalreal.org\/edicio-2024\/"]}]},{"@type":"BreadcrumbList","@id":"https:\/\/festivalreal.org\/edicio-2024\/#breadcrumb","itemListElement":[{"@type":"ListItem","position":1,"name":"Portada","item":"https:\/\/festivalreal.org\/"},{"@type":"ListItem","position":2,"name":"Edici\u00f3n 2024"}]},{"@type":"WebSite","@id":"https:\/\/festivalreal.org\/#website","url":"https:\/\/festivalreal.org\/","name":"Festival Real","description":"","potentialAction":[{"@type":"SearchAction","target":{"@type":"EntryPoint","urlTemplate":"https:\/\/festivalreal.org\/?s={search_term_string}"},"query-input":{"@type":"PropertyValueSpecification","valueRequired":true,"valueName":"search_term_string"}}],"inLanguage":"es"}]}},"_links":{"self":[{"href":"https:\/\/festivalreal.org\/es\/wp-json\/wp\/v2\/pages\/464","targetHints":{"allow":["GET"]}}],"collection":[{"href":"https:\/\/festivalreal.org\/es\/wp-json\/wp\/v2\/pages"}],"about":[{"href":"https:\/\/festivalreal.org\/es\/wp-json\/wp\/v2\/types\/page"}],"author":[{"embeddable":true,"href":"https:\/\/festivalreal.org\/es\/wp-json\/wp\/v2\/users\/1"}],"replies":[{"embeddable":true,"href":"https:\/\/festivalreal.org\/es\/wp-json\/wp\/v2\/comments?post=464"}],"version-history":[{"count":6,"href":"https:\/\/festivalreal.org\/es\/wp-json\/wp\/v2\/pages\/464\/revisions"}],"predecessor-version":[{"id":896,"href":"https:\/\/festivalreal.org\/es\/wp-json\/wp\/v2\/pages\/464\/revisions\/896"}],"wp:attachment":[{"href":"https:\/\/festivalreal.org\/es\/wp-json\/wp\/v2\/media?parent=464"}],"curies":[{"name":"wp","href":"https:\/\/api.w.org\/{rel}","templated":true}]}}