{"id":467,"date":"2025-07-28T08:46:54","date_gmt":"2025-07-28T06:46:54","guid":{"rendered":"https:\/\/festivalreal.org\/tu-festival\/"},"modified":"2025-09-02T16:06:27","modified_gmt":"2025-09-02T14:06:27","slug":"tu-festival","status":"publish","type":"page","link":"https:\/\/festivalreal.org\/es\/tu-festival\/","title":{"rendered":"Tu festival"},"content":{"rendered":"<p>[et_pb_section fb_built=\u00bb1&#8243; _builder_version=\u00bb4.27.4&#8243; _module_preset=\u00bbdefault\u00bb background_color=\u00bbRGBA(255,255,255,0)\u00bb custom_padding=\u00bb0px||0px||true|false\u00bb locked=\u00bboff\u00bb global_colors_info=\u00bb{}\u00bb][et_pb_row column_structure=\u00bb3_5,2_5&#8243; make_equal=\u00bbon\u00bb _builder_version=\u00bb4.27.4&#8243; _module_preset=\u00bbdefault\u00bb width=\u00bb90%\u00bb locked=\u00bboff\u00bb global_colors_info=\u00bb{}\u00bb][et_pb_column type=\u00bb3_5&#8243; _builder_version=\u00bb4.27.4&#8243; _module_preset=\u00bbdefault\u00bb global_colors_info=\u00bb{}\u00bb][et_pb_text _builder_version=\u00bb4.27.4&#8243; _module_preset=\u00bbdefault\u00bb header_font=\u00bb|800|||||||\u00bb header_font_size=\u00bb40px\u00bb custom_padding=\u00bb2em|2em|2em|2em|true|true\u00bb header_font_size_tablet=\u00bb40px\u00bb header_font_size_phone=\u00bb30px\u00bb header_font_size_last_edited=\u00bbon|phone\u00bb custom_css_free_form=\u00bbselector h1{||  padding-bottom:0em;||}\u00bb border_width_all=\u00bb1px\u00bb box_shadow_style=\u00bbpreset4&#8243; box_shadow_color=\u00bb#000000&#8243; global_colors_info=\u00bb{}\u00bb]<\/p>\n<h1>Tu festival<\/h1>\n<p>[\/et_pb_text][et_pb_gallery gallery_ids=\u00bb714,712,716,718,710&#8243; fullwidth=\u00bbon\u00bb _builder_version=\u00bb4.27.4&#8243; _module_preset=\u00bbdefault\u00bb auto=\u00bbon\u00bb auto_speed=\u00bb5000&#8243; box_shadow_style=\u00bbpreset4&#8243; box_shadow_color=\u00bb#000000&#8243; locked=\u00bboff\u00bb global_colors_info=\u00bb{}\u00bb][\/et_pb_gallery][et_pb_text _builder_version=\u00bb4.27.4&#8243; _module_preset=\u00bbdefault\u00bb header_2_font=\u00bb|800|||||||\u00bb header_2_font_size=\u00bb30px\u00bb header_2_line_height=\u00bb1.4em\u00bb global_colors_info=\u00bb{}\u00bb]<\/p>\n<h2>Ampl\u00eda tu festival: La experiencia inmersiva del Festival Real 360\u00b0<\/h2>\n<p>El Festival Real 360\u00b0 va m\u00e1s all\u00e1 de un simple concierto; es una experiencia inmersiva, \u00edntima y transformadora. Hemos dise\u00f1ado una propuesta que redefine la manera de conectar con la m\u00fasica, eliminando la barrera entre el artista y el p\u00fablico para crear un v\u00ednculo \u00fanico y personal.<\/p>\n<h2>C\u00f3mo lo conseguimos?<\/h2>\n<p>Nuestra clave es la tecnolog\u00eda binaural, que recrea una escucha tridimensional y genera un efecto audiorrealista excepcional. Usamos un micr\u00f3fono con forma de ning\u00fan humano, el <strong>Neumann Dummy Head KU-100<\/strong>, y auriculares de alta calidad, permitiendo que cada asistente escuche la m\u00fasica como si estuviera en el centro de la acci\u00f3n, sintiendo cada movimiento y matiz sonoro.<\/p>\n<p>La m\u00fasica se transmite directamente a la mente de cada persona, creando una percepci\u00f3n auditiva individualizada dentro de una experiencia colectiva. Esta intimidad y conexi\u00f3n profunda hacen que cada acontecimiento de Real 360\u00b0 sea inolvidable y emotivo.<\/p>\n<h2><strong>\u00danete en nuestra red de festivales o crea tu propio acontecimiento derivado<\/strong><\/h2>\n<p>Desprendido de cuatro ediciones de \u00e9xito, el Festival Real 360\u00b0 ha evolucionado de un acontecimiento puntual a un formato expandido que ha recorrido m\u00faltiples suyos. Ahora, queremos compartir nuestra metodolog\u00eda y herramientas para que otros festivales puedan ofrecer esta experiencia \u00fanica.<\/p>\n<p>Tenemos dos propuestas de colaboraci\u00f3n:<\/p>\n<p><strong>1. Integrar una secci\u00f3n Real 360\u00b0 a tu festival:<\/strong> Podemos dise\u00f1ar y coproducir un espacio o un d\u00eda tem\u00e1tico dentro de tu acontecimiento, adaptando nuestra tecnolog\u00eda y concepto a tus necesidades.<\/p>\n<p><strong>2. Organizar un acontecimiento Real 360\u00b0 en tu ciudad o sede:<\/strong> Te ofrecemos nuestro know-how y equipo para replicar una versi\u00f3n del festival, ya sea como un acontecimiento aut\u00f3nomo o como parte de tu programaci\u00f3n cultural anual.<\/p>\n<p>Ambas opciones te permitir\u00e1n ofrecer a tu p\u00fablico una propuesta innovadora y diferenciadora, atrayendo nuevos p\u00fablicos y consolidando tu reputaci\u00f3n como referente en la experimentaci\u00f3n sonora y las experiencias inmersivas.<\/p>\n<p>Estamos preparados para expandir la magia de la escucha binaural. <strong>Exploramos juntos como podemos llevar esta experiencia a tu p\u00fablico?<\/strong><\/p>\n<p>[\/et_pb_text][et_pb_text _builder_version=\u00bb4.27.4&#8243; _module_preset=\u00bbdefault\u00bb header_2_font=\u00bb|800|||||||\u00bb header_2_font_size=\u00bb30px\u00bb custom_margin=\u00bb||1em||false|false\u00bb hover_enabled=\u00bb0&#8243; global_colors_info=\u00bb{}\u00bb sticky_enabled=\u00bb0&#8243;]<\/p>\n<h2>Alquiler de equipos<\/h2>\n<p>[\/et_pb_text][et_pb_text _builder_version=\u00bb4.27.4&#8243; _module_preset=\u00bbdefault\u00bb custom_padding=\u00bb||||false|false\u00bb hover_enabled=\u00bb0&#8243; global_colors_info=\u00bb{}\u00bb sticky_enabled=\u00bb0&#8243;]<\/p>\n<p>\u00bfQuieres montar tu festival con tecnolog\u00eda binaural? Contacta con nosotros e inf\u00f3rmate sobre las condiciones de alquiler de equipos para ofrecer una experiencia \u00fanica e innovadora.<\/p>\n<p>[\/et_pb_text][et_pb_code module_class=\u00bbform-contacto\u00bb _builder_version=\u00bb4.27.4&#8243; _module_preset=\u00bbdefault\u00bb width=\u00bb100%\u00bb module_alignment=\u00bbcenter\u00bb hover_enabled=\u00bb0&#8243; global_colors_info=\u00bb{}\u00bb sticky_enabled=\u00bb0&#8243;]\n<div class=\"wpcf7 no-js\" id=\"wpcf7-f525-o1\" lang=\"es-ES\" dir=\"ltr\" data-wpcf7-id=\"525\">\n<div class=\"screen-reader-response\"><p role=\"status\" aria-live=\"polite\" aria-atomic=\"true\"><\/p> <ul><\/ul><\/div>\n<form action=\"\/es\/wp-json\/wp\/v2\/pages\/467#wpcf7-f525-o1\" method=\"post\" class=\"wpcf7-form init\" aria-label=\"Formulario de contacto\" novalidate=\"novalidate\" data-status=\"init\">\n<fieldset class=\"hidden-fields-container\"><input type=\"hidden\" name=\"_wpcf7\" value=\"525\" \/><input type=\"hidden\" name=\"_wpcf7_version\" value=\"6.1.1\" \/><input type=\"hidden\" name=\"_wpcf7_locale\" value=\"es_ES\" \/><input type=\"hidden\" name=\"_wpcf7_unit_tag\" value=\"wpcf7-f525-o1\" \/><input type=\"hidden\" name=\"_wpcf7_container_post\" value=\"0\" \/><input type=\"hidden\" name=\"_wpcf7_posted_data_hash\" value=\"\" \/>\n<\/fieldset>\n<div class=\"form-izq\">\n\t<p><span class=\"wpcf7-form-control-wrap\" data-name=\"your-name\"><input size=\"40\" maxlength=\"400\" class=\"wpcf7-form-control wpcf7-text wpcf7-validates-as-required\" autocomplete=\"name\" aria-required=\"true\" aria-invalid=\"false\" placeholder=\"Nombre y apellido\" value=\"\" type=\"text\" name=\"your-name\" \/><\/span><br \/>\n<span class=\"wpcf7-form-control-wrap\" data-name=\"telefono\"><input size=\"40\" maxlength=\"400\" class=\"wpcf7-form-control wpcf7-tel wpcf7-validates-as-required wpcf7-text wpcf7-validates-as-tel\" autocomplete=\"phone\" aria-required=\"true\" aria-invalid=\"false\" placeholder=\"Tel\u00e9fono\" value=\"\" type=\"tel\" name=\"telefono\" \/><\/span><br \/>\n<span class=\"wpcf7-form-control-wrap\" data-name=\"cuidad\"><input size=\"40\" maxlength=\"400\" class=\"wpcf7-form-control wpcf7-text\" aria-invalid=\"false\" placeholder=\"Ciudad\" value=\"\" type=\"text\" name=\"cuidad\" \/><\/span>\n\t<\/p>\n<\/div>\n<div class=\"form-dch\">\n\t<p><span class=\"wpcf7-form-control-wrap\" data-name=\"empresa\"><input size=\"40\" maxlength=\"400\" class=\"wpcf7-form-control wpcf7-text\" aria-invalid=\"false\" placeholder=\"Empresa\" value=\"\" type=\"text\" name=\"empresa\" \/><\/span><br \/>\n<span class=\"wpcf7-form-control-wrap\" data-name=\"your-email\"><input size=\"40\" maxlength=\"400\" class=\"wpcf7-form-control wpcf7-email wpcf7-validates-as-required wpcf7-text wpcf7-validates-as-email\" autocomplete=\"email\" aria-required=\"true\" aria-invalid=\"false\" placeholder=\"Correo electr\u00f3nico*\" value=\"\" type=\"email\" name=\"your-email\" \/><\/span><br \/>\n<span class=\"wpcf7-form-control-wrap\" data-name=\"provincia\"><input size=\"40\" maxlength=\"400\" class=\"wpcf7-form-control wpcf7-text\" aria-invalid=\"false\" placeholder=\"Provincia\" value=\"\" type=\"text\" name=\"provincia\" \/><\/span>\n\t<\/p>\n<\/div>\n<div class=\"form-full\">\n\t<p><span class=\"wpcf7-form-control-wrap\" data-name=\"your-message\"><textarea cols=\"40\" rows=\"10\" maxlength=\"2000\" class=\"wpcf7-form-control wpcf7-textarea\" aria-invalid=\"false\" placeholder=\"Expl\u00edcanos tu proyecto y tus necesidades\" name=\"your-message\"><\/textarea><\/span>\n\t<\/p>\n<\/div>\n<div class=\"privacidad\">\n\t<p><label><span class=\"wpcf7-form-control-wrap\" data-name=\"privacidad\"><span class=\"wpcf7-form-control wpcf7-acceptance optional\"><span class=\"wpcf7-list-item\"><label><input type=\"checkbox\" name=\"privacidad\" value=\"1\" aria-invalid=\"false\" \/><span class=\"wpcf7-list-item-label\">Enviando este correo electr\u00f3nico aceptas nuestra <a href=\"\/politica-de-privacitat\/\">Pol\u00edtica de Privacidad<\/a>.<\/span><\/label><\/span><\/span><\/span><\/label>\n\t<\/p>\n<\/div>\n<p><input class=\"wpcf7-form-control wpcf7-submit has-spinner\" type=\"submit\" value=\"Enviar\" \/>\n<\/p><div class=\"wpcf7-response-output\" aria-hidden=\"true\"><\/div>\n<\/form>\n<\/div>\n[\/et_pb_code][\/et_pb_column][et_pb_column type=\u00bb2_5&#8243; _builder_version=\u00bb4.27.4&#8243; _module_preset=\u00bbdefault\u00bb background_color=\u00bb#000000&#8243; custom_padding=\u00bb1.5em|1.5em|1.5em|1.5em|true|true\u00bb global_colors_info=\u00bb{}\u00bb][et_pb_text _builder_version=\u00bb4.27.4&#8243; _module_preset=\u00bbdefault\u00bb text_text_color=\u00bb#f1dad0&#8243; global_colors_info=\u00bb{}\u00bb]<\/p>\n<p data-start=\"110\" data-end=\"198\"><strong data-start=\"110\" data-end=\"196\">Dec\u00e1logo para los promotores y artistas que quieran usar la tecnolog\u00eda Real 360<\/strong><\/p>\n<p data-start=\"200\" data-end=\"777\">Al Festival Real 360, te invitamos a vivir una experiencia sonora que va m\u00e1s all\u00e1 de lo convencional. Sum\u00e9rgete en un mundo de sonido inmersivo como nunca antes lo has experimentado. Nuestro formato <strong data-start=\"390\" data-end=\"405\">Sonido Real 360<\/strong> es mucho m\u00e1s que tecnolog\u00eda; es la magia que hace posible esta experiencia sonora binaural. Utilizamos tecnolog\u00eda de audio binaural de vanguardia, con un micr\u00f3fono <strong data-start=\"568\" data-end=\"590\">Neumann Dummy Head<\/strong> de alta precisi\u00f3n que capta el sonido tal como lo escuchamos en el mundo real. Combinado con auriculares <strong data-start=\"682\" data-end=\"689\">AKG<\/strong> de alta calidad, el resultado es una sensaci\u00f3n de 360 grados que te rodea completamente.<\/p>\n<p data-start=\"779\" data-end=\"1398\">El Festival Real 360 es una invitaci\u00f3n a artistas e int\u00e9rpretes de todas las disciplinas a crear algo nuevo, algo que vaya m\u00e1s all\u00e1 de su repertorio habitual. No te estamos proponiendo un concierto. Te estamos proponiendo participar de una experiencia sonora binaural que puede enriquecer tanto tu pr\u00e1ctica art\u00edstica como la experiencia de tu p\u00fablico. Te proponemos preparar un set de unos <strong data-start=\"1155\" data-end=\"1168\">45 minutos<\/strong> espec\u00edficamente dise\u00f1ado para este juego sonoro \u00fanico. Un viaje musical que explore las posibilidades del <strong data-start=\"1275\" data-end=\"1290\">Sonido Real 360<\/strong>, que juegue con las distancias, los silencios y las texturas para crear una experiencia \u00fanica e irrepetible.<\/p>\n<p data-start=\"1403\" data-end=\"1533\"><strong data-start=\"1403\" data-end=\"1435\">1. Olvida el escenario de siempre:<\/strong> Aqu\u00ed tu m\u00fasica se expande en 360 grados, como si estuvieras tocando en el centro del universo.<\/p>\n<p data-start=\"1537\" data-end=\"1716\"><strong data-start=\"1537\" data-end=\"1575\">2. Conquista o\u00eddos, no solo miradas:<\/strong> El audio binaural es el arma secreta para que tu p\u00fablico sienta cada nota como si estuviera a tu lado. Prep\u00e1rate por cosquillas al t\u00edmpano.<\/p>\n<p data-start=\"1720\" data-end=\"1904\"><strong data-start=\"1720\" data-end=\"1760\">3. Tu arte en un viaje alucinante:<\/strong> No es solo un concierto, es una experiencia inmersiva que dejar\u00e1 tu p\u00fablico flotante en una nube de sensaciones. Abrigaos los cinturones.<\/p>\n<p data-start=\"1908\" data-end=\"2151\"><strong data-start=\"1908\" data-end=\"1937\">4. Creatividad sin l\u00edmites:<\/strong> Deja volar tu imaginaci\u00f3n y crea algo que nadie haya escuchado antes. Experimenta con sonidos, texturas y silencios, encontrando nuevos colores y lugares para aquellos temas que siempre has tocado. Aqu\u00ed no hay reglas.<\/p>\n<p data-start=\"2155\" data-end=\"2296\"><strong data-start=\"2155\" data-end=\"2203\">5. Conecta con tu p\u00fablico de manera \u00edntima:<\/strong> El <strong data-start=\"2207\" data-end=\"2222\">Sonido Real 360<\/strong> crea una conexi\u00f3n especial, m\u00e1s profunda y aut\u00e9ntica con quien te escucha.<\/p>\n<p data-start=\"2300\" data-end=\"2518\"><strong data-start=\"2300\" data-end=\"2323\">6. Instrumentos en juego:<\/strong> Al Festival Real 360, los instrumentos son los protagonistas de una experiencia ac\u00fastica \u00fanica. El sonido se modela seg\u00fan la distancia a los micr\u00f3fonos, creando una coreograf\u00eda sonora entre los m\u00fasicos.<\/p>\n<p data-start=\"2522\" data-end=\"2854\"><strong data-start=\"2522\" data-end=\"2544\">7. Diversidad sonora:<\/strong> A pesar de que priorizamos la instrumentaci\u00f3n ac\u00fastica, al Festival Real 360 damos la bienvenida a artistas de todos los g\u00e9neros y con cualquier tipo de instrumentaci\u00f3n. Adem\u00e1s, contamos con un nuevo formato que permite integrar bases electr\u00f3nicas e instrumentos el\u00e9ctricos, ampliando todav\u00eda m\u00e1s las posibilidades creativas.<\/p>\n<p data-start=\"2858\" data-end=\"3066\"><strong data-start=\"2858\" data-end=\"2888\">8. Tu m\u00fasica para el mundo:<\/strong> El Festival Real 360 te ofrece la grabaci\u00f3n en video y <strong data-start=\"2948\" data-end=\"2963\">Sonido Real 360<\/strong> de tu concierto, a punto para ser publicado como una nueva experiencia o un nuevo formato de tu m\u00fasica.<\/p>\n<p data-start=\"3070\" data-end=\"3255\"><strong data-start=\"3070\" data-end=\"3094\">9. La m\u00fasica es un juego:<\/strong> Al Festival Real 360, venimos a jugar, a subirnos en un carrusel fant\u00e1stico de sonidos y emociones. Venimos a disfrutar de la m\u00fasica en su forma m\u00e1s pura y vibrante.<\/p>\n<p data-start=\"3260\" data-end=\"3398\"><strong data-start=\"3260\" data-end=\"3289\">10. Quieres jugar con nosotros?<\/strong> Si esta propuesta te resuena y quieres formar parte del Festival Real 360, ponte en contacto con nosotros.<\/p>\n<p>[\/et_pb_text][\/et_pb_column][\/et_pb_row][\/et_pb_section]<\/p>\n","protected":false},"excerpt":{"rendered":"<p>Tu festivalAmpl\u00eda tu festival: La experiencia inmersiva del Festival Real 360\u00b0 El Festival Real 360\u00b0 va m\u00e1s all\u00e1 de un simple concierto; es una experiencia inmersiva, \u00edntima y transformadora. Hemos dise\u00f1ado una propuesta que redefine la manera de conectar con la m\u00fasica, eliminando la barrera entre el artista y el p\u00fablico para crear un v\u00ednculo [&hellip;]<\/p>\n","protected":false},"author":1,"featured_media":0,"parent":0,"menu_order":0,"comment_status":"closed","ping_status":"closed","template":"","meta":{"_acf_changed":false,"_et_pb_use_builder":"on","_et_pb_old_content":"","_et_gb_content_width":"","inline_featured_image":false,"footnotes":""},"class_list":["post-467","page","type-page","status-publish","hentry"],"acf":[],"yoast_head":"<!-- This site is optimized with the Yoast SEO plugin v25.8 - https:\/\/yoast.com\/wordpress\/plugins\/seo\/ -->\n<title>\u00bfQuieres montar tu propio festival? | Festival Real 360\u00ba<\/title>\n<meta name=\"description\" content=\"Descubre Festival Real 360\u00ba: m\u00fasica, cultura y arte en una experiencia inmersiva \u00fanica que te envuelve desde todos los sentidos.\" \/>\n<meta name=\"robots\" content=\"index, follow, max-snippet:-1, max-image-preview:large, max-video-preview:-1\" \/>\n<link rel=\"canonical\" href=\"https:\/\/festivalreal.org\/es\/tu-festival\/\" \/>\n<meta property=\"og:locale\" content=\"es_ES\" \/>\n<meta property=\"og:type\" content=\"article\" \/>\n<meta property=\"og:title\" content=\"\u00bfQuieres montar tu propio festival? | Festival Real 360\u00ba\" \/>\n<meta property=\"og:description\" content=\"Descubre Festival Real 360\u00ba: m\u00fasica, cultura y arte en una experiencia inmersiva \u00fanica que te envuelve desde todos los sentidos.\" \/>\n<meta property=\"og:url\" content=\"https:\/\/festivalreal.org\/es\/tu-festival\/\" \/>\n<meta property=\"og:site_name\" content=\"Festival Real\" \/>\n<meta property=\"article:modified_time\" content=\"2025-09-02T14:06:27+00:00\" \/>\n<meta name=\"twitter:card\" content=\"summary_large_image\" \/>\n<meta name=\"twitter:label1\" content=\"Tiempo de lectura\" \/>\n\t<meta name=\"twitter:data1\" content=\"6 minutos\" \/>\n<script type=\"application\/ld+json\" class=\"yoast-schema-graph\">{\"@context\":\"https:\/\/schema.org\",\"@graph\":[{\"@type\":\"WebPage\",\"@id\":\"https:\/\/festivalreal.org\/es\/tu-festival\/\",\"url\":\"https:\/\/festivalreal.org\/es\/tu-festival\/\",\"name\":\"\u00bfQuieres montar tu propio festival? | Festival Real 360\u00ba\",\"isPartOf\":{\"@id\":\"https:\/\/festivalreal.org\/#website\"},\"datePublished\":\"2025-07-28T06:46:54+00:00\",\"dateModified\":\"2025-09-02T14:06:27+00:00\",\"description\":\"Descubre Festival Real 360\u00ba: m\u00fasica, cultura y arte en una experiencia inmersiva \u00fanica que te envuelve desde todos los sentidos.\",\"breadcrumb\":{\"@id\":\"https:\/\/festivalreal.org\/es\/tu-festival\/#breadcrumb\"},\"inLanguage\":\"es\",\"potentialAction\":[{\"@type\":\"ReadAction\",\"target\":[\"https:\/\/festivalreal.org\/es\/tu-festival\/\"]}]},{\"@type\":\"BreadcrumbList\",\"@id\":\"https:\/\/festivalreal.org\/es\/tu-festival\/#breadcrumb\",\"itemListElement\":[{\"@type\":\"ListItem\",\"position\":1,\"name\":\"Portada\",\"item\":\"https:\/\/festivalreal.org\/\"},{\"@type\":\"ListItem\",\"position\":2,\"name\":\"Tu festival\"}]},{\"@type\":\"WebSite\",\"@id\":\"https:\/\/festivalreal.org\/#website\",\"url\":\"https:\/\/festivalreal.org\/\",\"name\":\"Festival Real\",\"description\":\"\",\"potentialAction\":[{\"@type\":\"SearchAction\",\"target\":{\"@type\":\"EntryPoint\",\"urlTemplate\":\"https:\/\/festivalreal.org\/?s={search_term_string}\"},\"query-input\":{\"@type\":\"PropertyValueSpecification\",\"valueRequired\":true,\"valueName\":\"search_term_string\"}}],\"inLanguage\":\"es\"}]}<\/script>\n<!-- \/ Yoast SEO plugin. -->","yoast_head_json":{"title":"\u00bfQuieres montar tu propio festival? | Festival Real 360\u00ba","description":"Descubre Festival Real 360\u00ba: m\u00fasica, cultura y arte en una experiencia inmersiva \u00fanica que te envuelve desde todos los sentidos.","robots":{"index":"index","follow":"follow","max-snippet":"max-snippet:-1","max-image-preview":"max-image-preview:large","max-video-preview":"max-video-preview:-1"},"canonical":"https:\/\/festivalreal.org\/es\/tu-festival\/","og_locale":"es_ES","og_type":"article","og_title":"\u00bfQuieres montar tu propio festival? | Festival Real 360\u00ba","og_description":"Descubre Festival Real 360\u00ba: m\u00fasica, cultura y arte en una experiencia inmersiva \u00fanica que te envuelve desde todos los sentidos.","og_url":"https:\/\/festivalreal.org\/es\/tu-festival\/","og_site_name":"Festival Real","article_modified_time":"2025-09-02T14:06:27+00:00","twitter_card":"summary_large_image","twitter_misc":{"Tiempo de lectura":"6 minutos"},"schema":{"@context":"https:\/\/schema.org","@graph":[{"@type":"WebPage","@id":"https:\/\/festivalreal.org\/es\/tu-festival\/","url":"https:\/\/festivalreal.org\/es\/tu-festival\/","name":"\u00bfQuieres montar tu propio festival? | Festival Real 360\u00ba","isPartOf":{"@id":"https:\/\/festivalreal.org\/#website"},"datePublished":"2025-07-28T06:46:54+00:00","dateModified":"2025-09-02T14:06:27+00:00","description":"Descubre Festival Real 360\u00ba: m\u00fasica, cultura y arte en una experiencia inmersiva \u00fanica que te envuelve desde todos los sentidos.","breadcrumb":{"@id":"https:\/\/festivalreal.org\/es\/tu-festival\/#breadcrumb"},"inLanguage":"es","potentialAction":[{"@type":"ReadAction","target":["https:\/\/festivalreal.org\/es\/tu-festival\/"]}]},{"@type":"BreadcrumbList","@id":"https:\/\/festivalreal.org\/es\/tu-festival\/#breadcrumb","itemListElement":[{"@type":"ListItem","position":1,"name":"Portada","item":"https:\/\/festivalreal.org\/"},{"@type":"ListItem","position":2,"name":"Tu festival"}]},{"@type":"WebSite","@id":"https:\/\/festivalreal.org\/#website","url":"https:\/\/festivalreal.org\/","name":"Festival Real","description":"","potentialAction":[{"@type":"SearchAction","target":{"@type":"EntryPoint","urlTemplate":"https:\/\/festivalreal.org\/?s={search_term_string}"},"query-input":{"@type":"PropertyValueSpecification","valueRequired":true,"valueName":"search_term_string"}}],"inLanguage":"es"}]}},"_links":{"self":[{"href":"https:\/\/festivalreal.org\/es\/wp-json\/wp\/v2\/pages\/467","targetHints":{"allow":["GET"]}}],"collection":[{"href":"https:\/\/festivalreal.org\/es\/wp-json\/wp\/v2\/pages"}],"about":[{"href":"https:\/\/festivalreal.org\/es\/wp-json\/wp\/v2\/types\/page"}],"author":[{"embeddable":true,"href":"https:\/\/festivalreal.org\/es\/wp-json\/wp\/v2\/users\/1"}],"replies":[{"embeddable":true,"href":"https:\/\/festivalreal.org\/es\/wp-json\/wp\/v2\/comments?post=467"}],"version-history":[{"count":22,"href":"https:\/\/festivalreal.org\/es\/wp-json\/wp\/v2\/pages\/467\/revisions"}],"predecessor-version":[{"id":826,"href":"https:\/\/festivalreal.org\/es\/wp-json\/wp\/v2\/pages\/467\/revisions\/826"}],"wp:attachment":[{"href":"https:\/\/festivalreal.org\/es\/wp-json\/wp\/v2\/media?parent=467"}],"curies":[{"name":"wp","href":"https:\/\/api.w.org\/{rel}","templated":true}]}}